{"id":64,"date":"2026-04-07T22:07:01","date_gmt":"2026-04-07T22:07:01","guid":{"rendered":"https:\/\/colegio.comfatolima.com.co\/?page_id=64"},"modified":"2026-04-08T15:32:58","modified_gmt":"2026-04-08T15:32:58","slug":"colegio-comfatolima-educacion-ibague","status":"publish","type":"page","link":"https:\/\/colegio.comfatolima.com.co\/index.php\/colegio-comfatolima-educacion-ibague\/","title":{"rendered":"Colegio Comfatolima"},"content":{"rendered":"\n<h2 class=\"wp-block-heading\">Historia<\/h2>\n\n\n\n<p>En el a\u00f1o 2000 el Concejo Directivo de la Caja de Compensaci\u00f3n Familiar del Tolima lleg\u00f3 al acuerdo de crear el COLEGIO COMFATOLIMA, definida entonces como una Instituci\u00f3n educativa de car\u00e1cter privado, destinada a prestar un servicio social en la regi\u00f3n, propendiendo por una formaci\u00f3n integral para sus afiliados y los particulares en general.<\/p>\n\n\n\n<p>El 27 de noviembre de 2000, el Concejo Directivo de la Caja de Compensaci\u00f3n Familiar del Tolima, seg\u00fan acta n\u00famero 087 y aprobado por la Superintendencia de subsidio familiar seg\u00fan la resoluci\u00f3n n\u00famero 0030 del 29 de enero de 2001 crea formalmente el colegio.<\/p>\n\n\n\n<p>Ese mismo a\u00f1o se inician las labores en instalaciones localizadas en el barrio C\u00e1diz, donde se prest\u00f3 servicios de preescolar hasta grado cuarto a una poblaci\u00f3n de 65 estudiantes; al a\u00f1o siguiente se traslada a las instalaciones del Barrio Especial El Salado calle 10 No. 7\u201377, donde se prest\u00f3 servicios de Preescolar (Jard\u00edn Transici\u00f3n), la educaci\u00f3n b\u00e1sica y media (el grado 10\u00b0 y 11\u00b0) a una poblaci\u00f3n de 450 estudiantes.<\/p>\n\n\n\n<p>En el a\u00f1o 2011 se traslada a la sede propia ubicada en el barrio SANTA ANA en la Carrera 8 con Calle 123-50 Barrio Ceiba Sur &#8211; Caba\u00f1a 2 V\u00eda El Salado; desde entonces ha ido incrementado su oferta educativa hasta el presente a\u00f1o. Ofrece servicios desde Preescolar (Jard\u00edn Transici\u00f3n), educaci\u00f3n b\u00e1sica y media (el grado 10\u00b0 y 11\u00b0) a una poblaci\u00f3n de 1255 estudiantes.<\/p>\n\n\n\n<h2 class=\"wp-block-heading\">Simbolos Institucionales<\/h2>\n\n\n\n<h3 class=\"wp-block-heading has-text-align-center\"><strong>Logotipo<\/strong><\/h3>\n\n\n\n<figure class=\"wp-block-image aligncenter size-full is-resized\"><img loading=\"lazy\" decoding=\"async\" width=\"203\" height=\"150\" src=\"https:\/\/colegio.comfatolima.com.co\/wp-content\/uploads\/2026\/04\/colegio-comfatolima.png\" alt=\"\" class=\"wp-image-9\" style=\"width:360px;height:auto\"\/><\/figure>\n\n\n\n<p><\/p>\n\n\n\n<h3 class=\"wp-block-heading has-text-align-center\"><strong>Himno Colegio Comfatolima<\/strong><\/h3>\n\n\n\n<figure class=\"wp-block-embed is-type-video is-provider-youtube wp-block-embed-youtube wp-embed-aspect-16-9 wp-has-aspect-ratio\"><div class=\"wp-block-embed__wrapper\">\n<iframe loading=\"lazy\" title=\"Himno Colegio Comfatolima\" width=\"500\" height=\"281\" src=\"https:\/\/www.youtube.com\/embed\/x62SmI_uSTs?feature=oembed\" frameborder=\"0\" allow=\"accelerometer; autoplay; clipboard-write; encrypted-media; gyroscope; picture-in-picture; web-share\" referrerpolicy=\"strict-origin-when-cross-origin\" allowfullscreen><\/iframe>\n<\/div><\/figure>\n\n\n\n<p><\/p>\n\n\n\n<h3 class=\"wp-block-heading has-text-align-center\">Bandera<\/h3>\n\n\n\n<p><\/p>\n\n\n\n<p><\/p>\n\n\n\n<h1 class=\"wp-block-heading has-text-align-left\">Instalaciones<\/h1>\n\n\n\n<figure class=\"wp-block-gallery has-nested-images columns-default is-cropped wp-block-gallery-1 is-layout-flex wp-block-gallery-is-layout-flex\">\n<figure class=\"wp-block-image size-large\"><img loading=\"lazy\" decoding=\"async\" width=\"1024\" height=\"768\" data-id=\"38\" src=\"https:\/\/colegio.comfatolima.com.co\/wp-content\/uploads\/2026\/04\/IMG_20260407_110838240_HDR-1024x768.jpg\" alt=\"\" class=\"wp-image-38\" srcset=\"https:\/\/colegio.comfatolima.com.co\/wp-content\/uploads\/2026\/04\/IMG_20260407_110838240_HDR-1024x768.jpg 1024w, https:\/\/colegio.comfatolima.com.co\/wp-content\/uploads\/2026\/04\/IMG_20260407_110838240_HDR-300x225.jpg 300w, https:\/\/colegio.comfatolima.com.co\/wp-content\/uploads\/2026\/04\/IMG_20260407_110838240_HDR-768x576.jpg 768w, https:\/\/colegio.comfatolima.com.co\/wp-content\/uploads\/2026\/04\/IMG_20260407_110838240_HDR-1536x1152.jpg 1536w, https:\/\/colegio.comfatolima.com.co\/wp-content\/uploads\/2026\/04\/IMG_20260407_110838240_HDR.jpg 2048w\" sizes=\"auto, (max-width: 1024px) 100vw, 1024px\" \/><figcaption class=\"wp-element-caption\">Laboratorios<\/figcaption><\/figure>\n\n\n\n<figure class=\"wp-block-image size-large\"><img loading=\"lazy\" decoding=\"async\" width=\"1024\" height=\"768\" data-id=\"39\" src=\"https:\/\/colegio.comfatolima.com.co\/wp-content\/uploads\/2026\/04\/IMG_20260407_110954830_HDR-1024x768.jpg\" alt=\"\" class=\"wp-image-39\" srcset=\"https:\/\/colegio.comfatolima.com.co\/wp-content\/uploads\/2026\/04\/IMG_20260407_110954830_HDR-1024x768.jpg 1024w, https:\/\/colegio.comfatolima.com.co\/wp-content\/uploads\/2026\/04\/IMG_20260407_110954830_HDR-300x225.jpg 300w, https:\/\/colegio.comfatolima.com.co\/wp-content\/uploads\/2026\/04\/IMG_20260407_110954830_HDR-768x576.jpg 768w, https:\/\/colegio.comfatolima.com.co\/wp-content\/uploads\/2026\/04\/IMG_20260407_110954830_HDR-1536x1152.jpg 1536w, https:\/\/colegio.comfatolima.com.co\/wp-content\/uploads\/2026\/04\/IMG_20260407_110954830_HDR.jpg 2048w\" sizes=\"auto, (max-width: 1024px) 100vw, 1024px\" \/><figcaption class=\"wp-element-caption\">Bloques de Aulas<\/figcaption><\/figure>\n\n\n\n<figure class=\"wp-block-image size-large\"><img loading=\"lazy\" decoding=\"async\" width=\"1024\" height=\"768\" data-id=\"40\" src=\"https:\/\/colegio.comfatolima.com.co\/wp-content\/uploads\/2026\/04\/IMG_20260407_111652826_HDR-1024x768.jpg\" alt=\"\" class=\"wp-image-40\" srcset=\"https:\/\/colegio.comfatolima.com.co\/wp-content\/uploads\/2026\/04\/IMG_20260407_111652826_HDR-1024x768.jpg 1024w, https:\/\/colegio.comfatolima.com.co\/wp-content\/uploads\/2026\/04\/IMG_20260407_111652826_HDR-300x225.jpg 300w, https:\/\/colegio.comfatolima.com.co\/wp-content\/uploads\/2026\/04\/IMG_20260407_111652826_HDR-768x576.jpg 768w, https:\/\/colegio.comfatolima.com.co\/wp-content\/uploads\/2026\/04\/IMG_20260407_111652826_HDR-1536x1152.jpg 1536w, https:\/\/colegio.comfatolima.com.co\/wp-content\/uploads\/2026\/04\/IMG_20260407_111652826_HDR.jpg 2048w\" sizes=\"auto, (max-width: 1024px) 100vw, 1024px\" \/><figcaption class=\"wp-element-caption\">Cancha M\u00faltiple<\/figcaption><\/figure>\n\n\n\n<figure class=\"wp-block-image size-large\"><img loading=\"lazy\" decoding=\"async\" width=\"1024\" height=\"768\" data-id=\"53\" src=\"https:\/\/colegio.comfatolima.com.co\/wp-content\/uploads\/2026\/04\/IMG_20260407_112516540_HDR-1024x768.jpg\" alt=\"\" class=\"wp-image-53\" srcset=\"https:\/\/colegio.comfatolima.com.co\/wp-content\/uploads\/2026\/04\/IMG_20260407_112516540_HDR-1024x768.jpg 1024w, https:\/\/colegio.comfatolima.com.co\/wp-content\/uploads\/2026\/04\/IMG_20260407_112516540_HDR-300x225.jpg 300w, https:\/\/colegio.comfatolima.com.co\/wp-content\/uploads\/2026\/04\/IMG_20260407_112516540_HDR-768x576.jpg 768w, https:\/\/colegio.comfatolima.com.co\/wp-content\/uploads\/2026\/04\/IMG_20260407_112516540_HDR-1536x1152.jpg 1536w, https:\/\/colegio.comfatolima.com.co\/wp-content\/uploads\/2026\/04\/IMG_20260407_112516540_HDR.jpg 2048w\" sizes=\"auto, (max-width: 1024px) 100vw, 1024px\" \/><figcaption class=\"wp-element-caption\">Auditorio<\/figcaption><\/figure>\n\n\n\n<figure class=\"wp-block-image size-large\"><img loading=\"lazy\" decoding=\"async\" width=\"1024\" height=\"768\" data-id=\"52\" src=\"https:\/\/colegio.comfatolima.com.co\/wp-content\/uploads\/2026\/04\/IMG_20260407_111911105_HDR-1024x768.jpg\" alt=\"\" class=\"wp-image-52\" srcset=\"https:\/\/colegio.comfatolima.com.co\/wp-content\/uploads\/2026\/04\/IMG_20260407_111911105_HDR-1024x768.jpg 1024w, https:\/\/colegio.comfatolima.com.co\/wp-content\/uploads\/2026\/04\/IMG_20260407_111911105_HDR-300x225.jpg 300w, https:\/\/colegio.comfatolima.com.co\/wp-content\/uploads\/2026\/04\/IMG_20260407_111911105_HDR-768x576.jpg 768w, https:\/\/colegio.comfatolima.com.co\/wp-content\/uploads\/2026\/04\/IMG_20260407_111911105_HDR-1536x1152.jpg 1536w, https:\/\/colegio.comfatolima.com.co\/wp-content\/uploads\/2026\/04\/IMG_20260407_111911105_HDR.jpg 2048w\" sizes=\"auto, (max-width: 1024px) 100vw, 1024px\" \/><figcaption class=\"wp-element-caption\">Cancha sint\u00e9tica<\/figcaption><\/figure>\n<\/figure>\n\n\n\n<p><\/p>\n","protected":false},"excerpt":{"rendered":"<p>Historia En el a\u00f1o 2000 el Concejo Directivo de la Caja de Compensaci\u00f3n Familiar del Tolima lleg\u00f3 al acuerdo de crear el COLEGIO COMFATOLIMA, definida entonces como una Instituci\u00f3n educativa de car\u00e1cter privado, destinada a prestar un servicio social en la regi\u00f3n, propendiendo por una formaci\u00f3n integral para sus afiliados y los particulares en general. [&hellip;]<\/p>\n","protected":false},"author":1,"featured_media":39,"parent":0,"menu_order":0,"comment_status":"closed","ping_status":"closed","template":"","meta":{"footnotes":""},"class_list":["post-64","page","type-page","status-publish","has-post-thumbnail","hentry"],"yoast_head":"<!-- This site is optimized with the Yoast SEO plugin v27.3 - https:\/\/yoast.com\/product\/yoast-seo-wordpress\/ -->\n<title>Colegio Comfatolima - colegio comfatolima Ana Julia Su\u00e1rez de Zorroza<\/title>\n<meta name=\"description\" content=\"Colegio Comfatolima en Ibagu\u00e9 ofrece educaci\u00f3n preescolar, b\u00e1sica y media con formaci\u00f3n integral y calidad educativa en el Tolima.\" \/>\n<meta name=\"robots\" content=\"index, follow, max-snippet:-1, max-image-preview:large, max-video-preview:-1\" \/>\n<link rel=\"canonical\" href=\"https:\/\/colegio.comfatolima.com.co\/index.php\/colegio-comfatolima-educacion-ibague\/\" \/>\n<meta property=\"og:locale\" content=\"es_ES\" \/>\n<meta property=\"og:type\" content=\"article\" \/>\n<meta property=\"og:title\" content=\"Colegio Comfatolima - colegio comfatolima Ana Julia Su\u00e1rez de Zorroza\" \/>\n<meta property=\"og:description\" content=\"Colegio Comfatolima en Ibagu\u00e9 ofrece educaci\u00f3n preescolar, b\u00e1sica y media con formaci\u00f3n integral y calidad educativa en el Tolima.\" \/>\n<meta property=\"og:url\" content=\"https:\/\/colegio.comfatolima.com.co\/index.php\/colegio-comfatolima-educacion-ibague\/\" \/>\n<meta property=\"og:site_name\" content=\"colegio comfatolima Ana Julia Su\u00e1rez de Zorroza\" \/>\n<meta property=\"article:modified_time\" content=\"2026-04-08T15:32:58+00:00\" \/>\n<meta property=\"og:image\" content=\"https:\/\/colegio.comfatolima.com.co\/wp-content\/uploads\/2026\/04\/IMG_20260407_110954830_HDR.jpg\" \/>\n\t<meta property=\"og:image:width\" content=\"2048\" \/>\n\t<meta property=\"og:image:height\" content=\"1536\" \/>\n\t<meta property=\"og:image:type\" content=\"image\/jpeg\" \/>\n<meta name=\"twitter:card\" content=\"summary_large_image\" \/>\n<meta name=\"twitter:label1\" content=\"Tiempo de lectura\" \/>\n\t<meta name=\"twitter:data1\" content=\"3 minutos\" \/>\n<script type=\"application\/ld+json\" class=\"yoast-schema-graph\">{\"@context\":\"https:\\\/\\\/schema.org\",\"@graph\":[{\"@type\":\"WebPage\",\"@id\":\"https:\\\/\\\/colegio.comfatolima.com.co\\\/index.php\\\/colegio-comfatolima-educacion-ibague\\\/\",\"url\":\"https:\\\/\\\/colegio.comfatolima.com.co\\\/index.php\\\/colegio-comfatolima-educacion-ibague\\\/\",\"name\":\"Colegio Comfatolima - colegio comfatolima Ana Julia Su\u00e1rez de Zorroza\",\"isPartOf\":{\"@id\":\"https:\\\/\\\/colegio.comfatolima.com.co\\\/#website\"},\"primaryImageOfPage\":{\"@id\":\"https:\\\/\\\/colegio.comfatolima.com.co\\\/index.php\\\/colegio-comfatolima-educacion-ibague\\\/#primaryimage\"},\"image\":{\"@id\":\"https:\\\/\\\/colegio.comfatolima.com.co\\\/index.php\\\/colegio-comfatolima-educacion-ibague\\\/#primaryimage\"},\"thumbnailUrl\":\"https:\\\/\\\/colegio.comfatolima.com.co\\\/wp-content\\\/uploads\\\/2026\\\/04\\\/IMG_20260407_110954830_HDR.jpg\",\"datePublished\":\"2026-04-07T22:07:01+00:00\",\"dateModified\":\"2026-04-08T15:32:58+00:00\",\"description\":\"Colegio Comfatolima en Ibagu\u00e9 ofrece educaci\u00f3n preescolar, b\u00e1sica y media con formaci\u00f3n integral y calidad educativa en el Tolima.\",\"breadcrumb\":{\"@id\":\"https:\\\/\\\/colegio.comfatolima.com.co\\\/index.php\\\/colegio-comfatolima-educacion-ibague\\\/#breadcrumb\"},\"inLanguage\":\"es\",\"potentialAction\":[{\"@type\":\"ReadAction\",\"target\":[\"https:\\\/\\\/colegio.comfatolima.com.co\\\/index.php\\\/colegio-comfatolima-educacion-ibague\\\/\"]}]},{\"@type\":\"ImageObject\",\"inLanguage\":\"es\",\"@id\":\"https:\\\/\\\/colegio.comfatolima.com.co\\\/index.php\\\/colegio-comfatolima-educacion-ibague\\\/#primaryimage\",\"url\":\"https:\\\/\\\/colegio.comfatolima.com.co\\\/wp-content\\\/uploads\\\/2026\\\/04\\\/IMG_20260407_110954830_HDR.jpg\",\"contentUrl\":\"https:\\\/\\\/colegio.comfatolima.com.co\\\/wp-content\\\/uploads\\\/2026\\\/04\\\/IMG_20260407_110954830_HDR.jpg\",\"width\":2048,\"height\":1536,\"caption\":\"Bloques de Aulas\"},{\"@type\":\"BreadcrumbList\",\"@id\":\"https:\\\/\\\/colegio.comfatolima.com.co\\\/index.php\\\/colegio-comfatolima-educacion-ibague\\\/#breadcrumb\",\"itemListElement\":[{\"@type\":\"ListItem\",\"position\":1,\"name\":\"Portada\",\"item\":\"https:\\\/\\\/colegio.comfatolima.com.co\\\/\"},{\"@type\":\"ListItem\",\"position\":2,\"name\":\"Colegio Comfatolima\"}]},{\"@type\":\"WebSite\",\"@id\":\"https:\\\/\\\/colegio.comfatolima.com.co\\\/#website\",\"url\":\"https:\\\/\\\/colegio.comfatolima.com.co\\\/\",\"name\":\"colegio comfatolima Ana Julia Su\u00e1rez de Zorroza\",\"description\":\"\",\"publisher\":{\"@id\":\"https:\\\/\\\/colegio.comfatolima.com.co\\\/#organization\"},\"potentialAction\":[{\"@type\":\"SearchAction\",\"target\":{\"@type\":\"EntryPoint\",\"urlTemplate\":\"https:\\\/\\\/colegio.comfatolima.com.co\\\/?s={search_term_string}\"},\"query-input\":{\"@type\":\"PropertyValueSpecification\",\"valueRequired\":true,\"valueName\":\"search_term_string\"}}],\"inLanguage\":\"es\"},{\"@type\":\"Organization\",\"@id\":\"https:\\\/\\\/colegio.comfatolima.com.co\\\/#organization\",\"name\":\"colegio comfatolima Ana Julia Su\u00e1rez de Zorroza\",\"url\":\"https:\\\/\\\/colegio.comfatolima.com.co\\\/\",\"logo\":{\"@type\":\"ImageObject\",\"inLanguage\":\"es\",\"@id\":\"https:\\\/\\\/colegio.comfatolima.com.co\\\/#\\\/schema\\\/logo\\\/image\\\/\",\"url\":\"https:\\\/\\\/colegio.comfatolima.com.co\\\/wp-content\\\/uploads\\\/2026\\\/04\\\/colegio-comfatolima.png\",\"contentUrl\":\"https:\\\/\\\/colegio.comfatolima.com.co\\\/wp-content\\\/uploads\\\/2026\\\/04\\\/colegio-comfatolima.png\",\"width\":203,\"height\":150,\"caption\":\"colegio comfatolima Ana Julia Su\u00e1rez de Zorroza\"},\"image\":{\"@id\":\"https:\\\/\\\/colegio.comfatolima.com.co\\\/#\\\/schema\\\/logo\\\/image\\\/\"}}]}<\/script>\n<!-- \/ Yoast SEO plugin. -->","yoast_head_json":{"title":"Colegio Comfatolima - colegio comfatolima Ana Julia Su\u00e1rez de Zorroza","description":"Colegio Comfatolima en Ibagu\u00e9 ofrece educaci\u00f3n preescolar, b\u00e1sica y media con formaci\u00f3n integral y calidad educativa en el Tolima.","robots":{"index":"index","follow":"follow","max-snippet":"max-snippet:-1","max-image-preview":"max-image-preview:large","max-video-preview":"max-video-preview:-1"},"canonical":"https:\/\/colegio.comfatolima.com.co\/index.php\/colegio-comfatolima-educacion-ibague\/","og_locale":"es_ES","og_type":"article","og_title":"Colegio Comfatolima - colegio comfatolima Ana Julia Su\u00e1rez de Zorroza","og_description":"Colegio Comfatolima en Ibagu\u00e9 ofrece educaci\u00f3n preescolar, b\u00e1sica y media con formaci\u00f3n integral y calidad educativa en el Tolima.","og_url":"https:\/\/colegio.comfatolima.com.co\/index.php\/colegio-comfatolima-educacion-ibague\/","og_site_name":"colegio comfatolima Ana Julia Su\u00e1rez de Zorroza","article_modified_time":"2026-04-08T15:32:58+00:00","og_image":[{"width":2048,"height":1536,"url":"https:\/\/colegio.comfatolima.com.co\/wp-content\/uploads\/2026\/04\/IMG_20260407_110954830_HDR.jpg","type":"image\/jpeg"}],"twitter_card":"summary_large_image","twitter_misc":{"Tiempo de lectura":"3 minutos"},"schema":{"@context":"https:\/\/schema.org","@graph":[{"@type":"WebPage","@id":"https:\/\/colegio.comfatolima.com.co\/index.php\/colegio-comfatolima-educacion-ibague\/","url":"https:\/\/colegio.comfatolima.com.co\/index.php\/colegio-comfatolima-educacion-ibague\/","name":"Colegio Comfatolima - colegio comfatolima Ana Julia Su\u00e1rez de Zorroza","isPartOf":{"@id":"https:\/\/colegio.comfatolima.com.co\/#website"},"primaryImageOfPage":{"@id":"https:\/\/colegio.comfatolima.com.co\/index.php\/colegio-comfatolima-educacion-ibague\/#primaryimage"},"image":{"@id":"https:\/\/colegio.comfatolima.com.co\/index.php\/colegio-comfatolima-educacion-ibague\/#primaryimage"},"thumbnailUrl":"https:\/\/colegio.comfatolima.com.co\/wp-content\/uploads\/2026\/04\/IMG_20260407_110954830_HDR.jpg","datePublished":"2026-04-07T22:07:01+00:00","dateModified":"2026-04-08T15:32:58+00:00","description":"Colegio Comfatolima en Ibagu\u00e9 ofrece educaci\u00f3n preescolar, b\u00e1sica y media con formaci\u00f3n integral y calidad educativa en el Tolima.","breadcrumb":{"@id":"https:\/\/colegio.comfatolima.com.co\/index.php\/colegio-comfatolima-educacion-ibague\/#breadcrumb"},"inLanguage":"es","potentialAction":[{"@type":"ReadAction","target":["https:\/\/colegio.comfatolima.com.co\/index.php\/colegio-comfatolima-educacion-ibague\/"]}]},{"@type":"ImageObject","inLanguage":"es","@id":"https:\/\/colegio.comfatolima.com.co\/index.php\/colegio-comfatolima-educacion-ibague\/#primaryimage","url":"https:\/\/colegio.comfatolima.com.co\/wp-content\/uploads\/2026\/04\/IMG_20260407_110954830_HDR.jpg","contentUrl":"https:\/\/colegio.comfatolima.com.co\/wp-content\/uploads\/2026\/04\/IMG_20260407_110954830_HDR.jpg","width":2048,"height":1536,"caption":"Bloques de Aulas"},{"@type":"BreadcrumbList","@id":"https:\/\/colegio.comfatolima.com.co\/index.php\/colegio-comfatolima-educacion-ibague\/#breadcrumb","itemListElement":[{"@type":"ListItem","position":1,"name":"Portada","item":"https:\/\/colegio.comfatolima.com.co\/"},{"@type":"ListItem","position":2,"name":"Colegio Comfatolima"}]},{"@type":"WebSite","@id":"https:\/\/colegio.comfatolima.com.co\/#website","url":"https:\/\/colegio.comfatolima.com.co\/","name":"colegio comfatolima Ana Julia Su\u00e1rez de Zorroza","description":"","publisher":{"@id":"https:\/\/colegio.comfatolima.com.co\/#organization"},"potentialAction":[{"@type":"SearchAction","target":{"@type":"EntryPoint","urlTemplate":"https:\/\/colegio.comfatolima.com.co\/?s={search_term_string}"},"query-input":{"@type":"PropertyValueSpecification","valueRequired":true,"valueName":"search_term_string"}}],"inLanguage":"es"},{"@type":"Organization","@id":"https:\/\/colegio.comfatolima.com.co\/#organization","name":"colegio comfatolima Ana Julia Su\u00e1rez de Zorroza","url":"https:\/\/colegio.comfatolima.com.co\/","logo":{"@type":"ImageObject","inLanguage":"es","@id":"https:\/\/colegio.comfatolima.com.co\/#\/schema\/logo\/image\/","url":"https:\/\/colegio.comfatolima.com.co\/wp-content\/uploads\/2026\/04\/colegio-comfatolima.png","contentUrl":"https:\/\/colegio.comfatolima.com.co\/wp-content\/uploads\/2026\/04\/colegio-comfatolima.png","width":203,"height":150,"caption":"colegio comfatolima Ana Julia Su\u00e1rez de Zorroza"},"image":{"@id":"https:\/\/colegio.comfatolima.com.co\/#\/schema\/logo\/image\/"}}]}},"_links":{"self":[{"href":"https:\/\/colegio.comfatolima.com.co\/index.php\/wp-json\/wp\/v2\/pages\/64","targetHints":{"allow":["GET"]}}],"collection":[{"href":"https:\/\/colegio.comfatolima.com.co\/index.php\/wp-json\/wp\/v2\/pages"}],"about":[{"href":"https:\/\/colegio.comfatolima.com.co\/index.php\/wp-json\/wp\/v2\/types\/page"}],"author":[{"embeddable":true,"href":"https:\/\/colegio.comfatolima.com.co\/index.php\/wp-json\/wp\/v2\/users\/1"}],"replies":[{"embeddable":true,"href":"https:\/\/colegio.comfatolima.com.co\/index.php\/wp-json\/wp\/v2\/comments?post=64"}],"version-history":[{"count":2,"href":"https:\/\/colegio.comfatolima.com.co\/index.php\/wp-json\/wp\/v2\/pages\/64\/revisions"}],"predecessor-version":[{"id":87,"href":"https:\/\/colegio.comfatolima.com.co\/index.php\/wp-json\/wp\/v2\/pages\/64\/revisions\/87"}],"wp:featuredmedia":[{"embeddable":true,"href":"https:\/\/colegio.comfatolima.com.co\/index.php\/wp-json\/wp\/v2\/media\/39"}],"wp:attachment":[{"href":"https:\/\/colegio.comfatolima.com.co\/index.php\/wp-json\/wp\/v2\/media?parent=64"}],"curies":[{"name":"wp","href":"https:\/\/api.w.org\/{rel}","templated":true}]}}