{"id":130,"date":"2026-04-08T18:56:44","date_gmt":"2026-04-08T18:56:44","guid":{"rendered":"https:\/\/colegio.comfatolima.com.co\/index.php\/media-vocacional\/"},"modified":"2026-04-08T18:59:10","modified_gmt":"2026-04-08T18:59:10","slug":"media-vocacional","status":"publish","type":"page","link":"https:\/\/colegio.comfatolima.com.co\/index.php\/media-vocacional\/","title":{"rendered":"Media Vocacional"},"content":{"rendered":"\n<p>Educaci\u00f3n Media Vocacional. Comprende los grados 10 y 11, para los alumnos cuyas edades oscilan entre los 15 y 16 a\u00f1os aproximadamente. La Educaci\u00f3n Media Vocacional con profundizaci\u00f3n en Ciencias Naturales y Educaci\u00f3n Ambiental es la continuaci\u00f3n de la Educaci\u00f3n B\u00e1sica. Bajo esta especialidad el estudiante y egresado del colegio Comfatolima no solo tendr\u00e1 una conciencia ambiental sino tambi\u00e9n apropiar\u00e1 el conocimiento cient\u00edfico y natural en sus procesos biol\u00f3gicos, qu\u00edmicos y f\u00edsicos as\u00ed como la ciencia, la tecnolog\u00eda y la sociedad desarrollando compromisos personales y sociales siempre en la b\u00fasqueda de las mejores estrategias para reducir los impactos en el ambiente.<\/p>\n\n\n\n<p><\/p>\n","protected":false},"excerpt":{"rendered":"<p>Educaci\u00f3n Media Vocacional. Comprende los grados 10 y 11, para los alumnos cuyas edades oscilan entre los 15 y 16 a\u00f1os aproximadamente. La Educaci\u00f3n Media Vocacional con profundizaci\u00f3n en Ciencias Naturales y Educaci\u00f3n Ambiental es la continuaci\u00f3n de la Educaci\u00f3n B\u00e1sica. Bajo esta especialidad el estudiante y egresado del colegio Comfatolima no solo tendr\u00e1 una [&hellip;]<\/p>\n","protected":false},"author":1,"featured_media":0,"parent":0,"menu_order":0,"comment_status":"closed","ping_status":"closed","template":"","meta":{"footnotes":""},"class_list":["post-130","page","type-page","status-publish","hentry"],"yoast_head":"<!-- This site is optimized with the Yoast SEO plugin v27.3 - https:\/\/yoast.com\/product\/yoast-seo-wordpress\/ -->\n<title>Media Vocacional - colegio comfatolima Ana Julia Su\u00e1rez de Zorroza<\/title>\n<meta name=\"robots\" content=\"index, follow, max-snippet:-1, max-image-preview:large, max-video-preview:-1\" \/>\n<link rel=\"canonical\" href=\"https:\/\/colegio.comfatolima.com.co\/index.php\/media-vocacional\/\" \/>\n<meta property=\"og:locale\" content=\"es_ES\" \/>\n<meta property=\"og:type\" content=\"article\" \/>\n<meta property=\"og:title\" content=\"Media Vocacional - colegio comfatolima Ana Julia Su\u00e1rez de Zorroza\" \/>\n<meta property=\"og:description\" content=\"Educaci\u00f3n Media Vocacional. Comprende los grados 10 y 11, para los alumnos cuyas edades oscilan entre los 15 y 16 a\u00f1os aproximadamente. La Educaci\u00f3n Media Vocacional con profundizaci\u00f3n en Ciencias Naturales y Educaci\u00f3n Ambiental es la continuaci\u00f3n de la Educaci\u00f3n B\u00e1sica. Bajo esta especialidad el estudiante y egresado del colegio Comfatolima no solo tendr\u00e1 una [&hellip;]\" \/>\n<meta property=\"og:url\" content=\"https:\/\/colegio.comfatolima.com.co\/index.php\/media-vocacional\/\" \/>\n<meta property=\"og:site_name\" content=\"colegio comfatolima Ana Julia Su\u00e1rez de Zorroza\" \/>\n<meta property=\"article:modified_time\" content=\"2026-04-08T18:59:10+00:00\" \/>\n<meta name=\"twitter:card\" content=\"summary_large_image\" \/>\n<meta name=\"twitter:label1\" content=\"Tiempo de lectura\" \/>\n\t<meta name=\"twitter:data1\" content=\"1 minuto\" \/>\n<script type=\"application\/ld+json\" class=\"yoast-schema-graph\">{\"@context\":\"https:\\\/\\\/schema.org\",\"@graph\":[{\"@type\":\"WebPage\",\"@id\":\"https:\\\/\\\/colegio.comfatolima.com.co\\\/index.php\\\/media-vocacional\\\/\",\"url\":\"https:\\\/\\\/colegio.comfatolima.com.co\\\/index.php\\\/media-vocacional\\\/\",\"name\":\"Media Vocacional - colegio comfatolima Ana Julia Su\u00e1rez de Zorroza\",\"isPartOf\":{\"@id\":\"https:\\\/\\\/colegio.comfatolima.com.co\\\/#website\"},\"datePublished\":\"2026-04-08T18:56:44+00:00\",\"dateModified\":\"2026-04-08T18:59:10+00:00\",\"breadcrumb\":{\"@id\":\"https:\\\/\\\/colegio.comfatolima.com.co\\\/index.php\\\/media-vocacional\\\/#breadcrumb\"},\"inLanguage\":\"es\",\"potentialAction\":[{\"@type\":\"ReadAction\",\"target\":[\"https:\\\/\\\/colegio.comfatolima.com.co\\\/index.php\\\/media-vocacional\\\/\"]}]},{\"@type\":\"BreadcrumbList\",\"@id\":\"https:\\\/\\\/colegio.comfatolima.com.co\\\/index.php\\\/media-vocacional\\\/#breadcrumb\",\"itemListElement\":[{\"@type\":\"ListItem\",\"position\":1,\"name\":\"Portada\",\"item\":\"https:\\\/\\\/colegio.comfatolima.com.co\\\/\"},{\"@type\":\"ListItem\",\"position\":2,\"name\":\"Media Vocacional\"}]},{\"@type\":\"WebSite\",\"@id\":\"https:\\\/\\\/colegio.comfatolima.com.co\\\/#website\",\"url\":\"https:\\\/\\\/colegio.comfatolima.com.co\\\/\",\"name\":\"colegio comfatolima Ana Julia Su\u00e1rez de Zorroza\",\"description\":\"\",\"publisher\":{\"@id\":\"https:\\\/\\\/colegio.comfatolima.com.co\\\/#organization\"},\"potentialAction\":[{\"@type\":\"SearchAction\",\"target\":{\"@type\":\"EntryPoint\",\"urlTemplate\":\"https:\\\/\\\/colegio.comfatolima.com.co\\\/?s={search_term_string}\"},\"query-input\":{\"@type\":\"PropertyValueSpecification\",\"valueRequired\":true,\"valueName\":\"search_term_string\"}}],\"inLanguage\":\"es\"},{\"@type\":\"Organization\",\"@id\":\"https:\\\/\\\/colegio.comfatolima.com.co\\\/#organization\",\"name\":\"colegio comfatolima Ana Julia Su\u00e1rez de Zorroza\",\"url\":\"https:\\\/\\\/colegio.comfatolima.com.co\\\/\",\"logo\":{\"@type\":\"ImageObject\",\"inLanguage\":\"es\",\"@id\":\"https:\\\/\\\/colegio.comfatolima.com.co\\\/#\\\/schema\\\/logo\\\/image\\\/\",\"url\":\"https:\\\/\\\/colegio.comfatolima.com.co\\\/wp-content\\\/uploads\\\/2026\\\/04\\\/colegio-comfatolima.png\",\"contentUrl\":\"https:\\\/\\\/colegio.comfatolima.com.co\\\/wp-content\\\/uploads\\\/2026\\\/04\\\/colegio-comfatolima.png\",\"width\":203,\"height\":150,\"caption\":\"colegio comfatolima Ana Julia Su\u00e1rez de Zorroza\"},\"image\":{\"@id\":\"https:\\\/\\\/colegio.comfatolima.com.co\\\/#\\\/schema\\\/logo\\\/image\\\/\"}}]}<\/script>\n<!-- \/ Yoast SEO plugin. -->","yoast_head_json":{"title":"Media Vocacional - colegio comfatolima Ana Julia Su\u00e1rez de Zorroza","robots":{"index":"index","follow":"follow","max-snippet":"max-snippet:-1","max-image-preview":"max-image-preview:large","max-video-preview":"max-video-preview:-1"},"canonical":"https:\/\/colegio.comfatolima.com.co\/index.php\/media-vocacional\/","og_locale":"es_ES","og_type":"article","og_title":"Media Vocacional - colegio comfatolima Ana Julia Su\u00e1rez de Zorroza","og_description":"Educaci\u00f3n Media Vocacional. Comprende los grados 10 y 11, para los alumnos cuyas edades oscilan entre los 15 y 16 a\u00f1os aproximadamente. La Educaci\u00f3n Media Vocacional con profundizaci\u00f3n en Ciencias Naturales y Educaci\u00f3n Ambiental es la continuaci\u00f3n de la Educaci\u00f3n B\u00e1sica. Bajo esta especialidad el estudiante y egresado del colegio Comfatolima no solo tendr\u00e1 una [&hellip;]","og_url":"https:\/\/colegio.comfatolima.com.co\/index.php\/media-vocacional\/","og_site_name":"colegio comfatolima Ana Julia Su\u00e1rez de Zorroza","article_modified_time":"2026-04-08T18:59:10+00:00","twitter_card":"summary_large_image","twitter_misc":{"Tiempo de lectura":"1 minuto"},"schema":{"@context":"https:\/\/schema.org","@graph":[{"@type":"WebPage","@id":"https:\/\/colegio.comfatolima.com.co\/index.php\/media-vocacional\/","url":"https:\/\/colegio.comfatolima.com.co\/index.php\/media-vocacional\/","name":"Media Vocacional - colegio comfatolima Ana Julia Su\u00e1rez de Zorroza","isPartOf":{"@id":"https:\/\/colegio.comfatolima.com.co\/#website"},"datePublished":"2026-04-08T18:56:44+00:00","dateModified":"2026-04-08T18:59:10+00:00","breadcrumb":{"@id":"https:\/\/colegio.comfatolima.com.co\/index.php\/media-vocacional\/#breadcrumb"},"inLanguage":"es","potentialAction":[{"@type":"ReadAction","target":["https:\/\/colegio.comfatolima.com.co\/index.php\/media-vocacional\/"]}]},{"@type":"BreadcrumbList","@id":"https:\/\/colegio.comfatolima.com.co\/index.php\/media-vocacional\/#breadcrumb","itemListElement":[{"@type":"ListItem","position":1,"name":"Portada","item":"https:\/\/colegio.comfatolima.com.co\/"},{"@type":"ListItem","position":2,"name":"Media Vocacional"}]},{"@type":"WebSite","@id":"https:\/\/colegio.comfatolima.com.co\/#website","url":"https:\/\/colegio.comfatolima.com.co\/","name":"colegio comfatolima Ana Julia Su\u00e1rez de Zorroza","description":"","publisher":{"@id":"https:\/\/colegio.comfatolima.com.co\/#organization"},"potentialAction":[{"@type":"SearchAction","target":{"@type":"EntryPoint","urlTemplate":"https:\/\/colegio.comfatolima.com.co\/?s={search_term_string}"},"query-input":{"@type":"PropertyValueSpecification","valueRequired":true,"valueName":"search_term_string"}}],"inLanguage":"es"},{"@type":"Organization","@id":"https:\/\/colegio.comfatolima.com.co\/#organization","name":"colegio comfatolima Ana Julia Su\u00e1rez de Zorroza","url":"https:\/\/colegio.comfatolima.com.co\/","logo":{"@type":"ImageObject","inLanguage":"es","@id":"https:\/\/colegio.comfatolima.com.co\/#\/schema\/logo\/image\/","url":"https:\/\/colegio.comfatolima.com.co\/wp-content\/uploads\/2026\/04\/colegio-comfatolima.png","contentUrl":"https:\/\/colegio.comfatolima.com.co\/wp-content\/uploads\/2026\/04\/colegio-comfatolima.png","width":203,"height":150,"caption":"colegio comfatolima Ana Julia Su\u00e1rez de Zorroza"},"image":{"@id":"https:\/\/colegio.comfatolima.com.co\/#\/schema\/logo\/image\/"}}]}},"_links":{"self":[{"href":"https:\/\/colegio.comfatolima.com.co\/index.php\/wp-json\/wp\/v2\/pages\/130","targetHints":{"allow":["GET"]}}],"collection":[{"href":"https:\/\/colegio.comfatolima.com.co\/index.php\/wp-json\/wp\/v2\/pages"}],"about":[{"href":"https:\/\/colegio.comfatolima.com.co\/index.php\/wp-json\/wp\/v2\/types\/page"}],"author":[{"embeddable":true,"href":"https:\/\/colegio.comfatolima.com.co\/index.php\/wp-json\/wp\/v2\/users\/1"}],"replies":[{"embeddable":true,"href":"https:\/\/colegio.comfatolima.com.co\/index.php\/wp-json\/wp\/v2\/comments?post=130"}],"version-history":[{"count":1,"href":"https:\/\/colegio.comfatolima.com.co\/index.php\/wp-json\/wp\/v2\/pages\/130\/revisions"}],"predecessor-version":[{"id":134,"href":"https:\/\/colegio.comfatolima.com.co\/index.php\/wp-json\/wp\/v2\/pages\/130\/revisions\/134"}],"wp:attachment":[{"href":"https:\/\/colegio.comfatolima.com.co\/index.php\/wp-json\/wp\/v2\/media?parent=130"}],"curies":[{"name":"wp","href":"https:\/\/api.w.org\/{rel}","templated":true}]}}