{"id":127,"date":"2026-04-08T18:55:58","date_gmt":"2026-04-08T18:55:58","guid":{"rendered":"https:\/\/colegio.comfatolima.com.co\/index.php\/preescolar\/"},"modified":"2026-04-08T18:57:48","modified_gmt":"2026-04-08T18:57:48","slug":"preescolar","status":"publish","type":"page","link":"https:\/\/colegio.comfatolima.com.co\/index.php\/preescolar\/","title":{"rendered":"Preescolar"},"content":{"rendered":"\n<p>La educaci\u00f3n en pre-escolar se encuentra orientada al desarrollo de los ni\u00f1os y ni\u00f1as en los aspectos biol\u00f3gico, cognoscitivo, psicomotriz, socioafectivo y espiritual mediante experiencias de socializaci\u00f3n pedag\u00f3gica y recreativa, llevando as\u00ed a los ni\u00f1os a conocer y enamorarse del estudio de las primeras letras, conocer los colares de la naturaleza e identificar las formas de los objetos.<\/p>\n\n\n\n<p>A partir de los 4 a\u00f1os de edad los ni\u00f1os y ni\u00f1as y por medio del desarrollo de las dimensiones del desarrollo humano: corporal, comunicativo, cognitivo, \u00e9tico, est\u00e9tico, actitudes y valores pueden interactuar en ambientes enriquecidos de experiencias pedag\u00f3gicas y pr\u00e1cticas de cuidado.<\/p>\n\n\n\n<p><\/p>\n","protected":false},"excerpt":{"rendered":"<p>La educaci\u00f3n en pre-escolar se encuentra orientada al desarrollo de los ni\u00f1os y ni\u00f1as en los aspectos biol\u00f3gico, cognoscitivo, psicomotriz, socioafectivo y espiritual mediante experiencias de socializaci\u00f3n pedag\u00f3gica y recreativa, llevando as\u00ed a los ni\u00f1os a conocer y enamorarse del estudio de las primeras letras, conocer los colares de la naturaleza e identificar las formas [&hellip;]<\/p>\n","protected":false},"author":1,"featured_media":0,"parent":0,"menu_order":0,"comment_status":"closed","ping_status":"closed","template":"","meta":{"footnotes":""},"class_list":["post-127","page","type-page","status-publish","hentry"],"yoast_head":"<!-- This site is optimized with the Yoast SEO plugin v27.3 - https:\/\/yoast.com\/product\/yoast-seo-wordpress\/ -->\n<title>Preescolar - colegio comfatolima Ana Julia Su\u00e1rez de Zorroza<\/title>\n<meta name=\"robots\" content=\"index, follow, max-snippet:-1, max-image-preview:large, max-video-preview:-1\" \/>\n<link rel=\"canonical\" href=\"https:\/\/colegio.comfatolima.com.co\/index.php\/preescolar\/\" \/>\n<meta property=\"og:locale\" content=\"es_ES\" \/>\n<meta property=\"og:type\" content=\"article\" \/>\n<meta property=\"og:title\" content=\"Preescolar - colegio comfatolima Ana Julia Su\u00e1rez de Zorroza\" \/>\n<meta property=\"og:description\" content=\"La educaci\u00f3n en pre-escolar se encuentra orientada al desarrollo de los ni\u00f1os y ni\u00f1as en los aspectos biol\u00f3gico, cognoscitivo, psicomotriz, socioafectivo y espiritual mediante experiencias de socializaci\u00f3n pedag\u00f3gica y recreativa, llevando as\u00ed a los ni\u00f1os a conocer y enamorarse del estudio de las primeras letras, conocer los colares de la naturaleza e identificar las formas [&hellip;]\" \/>\n<meta property=\"og:url\" content=\"https:\/\/colegio.comfatolima.com.co\/index.php\/preescolar\/\" \/>\n<meta property=\"og:site_name\" content=\"colegio comfatolima Ana Julia Su\u00e1rez de Zorroza\" \/>\n<meta property=\"article:modified_time\" content=\"2026-04-08T18:57:48+00:00\" \/>\n<meta name=\"twitter:card\" content=\"summary_large_image\" \/>\n<meta name=\"twitter:label1\" content=\"Tiempo de lectura\" \/>\n\t<meta name=\"twitter:data1\" content=\"1 minuto\" \/>\n<script type=\"application\/ld+json\" class=\"yoast-schema-graph\">{\"@context\":\"https:\\\/\\\/schema.org\",\"@graph\":[{\"@type\":\"WebPage\",\"@id\":\"https:\\\/\\\/colegio.comfatolima.com.co\\\/index.php\\\/preescolar\\\/\",\"url\":\"https:\\\/\\\/colegio.comfatolima.com.co\\\/index.php\\\/preescolar\\\/\",\"name\":\"Preescolar - colegio comfatolima Ana Julia Su\u00e1rez de Zorroza\",\"isPartOf\":{\"@id\":\"https:\\\/\\\/colegio.comfatolima.com.co\\\/#website\"},\"datePublished\":\"2026-04-08T18:55:58+00:00\",\"dateModified\":\"2026-04-08T18:57:48+00:00\",\"breadcrumb\":{\"@id\":\"https:\\\/\\\/colegio.comfatolima.com.co\\\/index.php\\\/preescolar\\\/#breadcrumb\"},\"inLanguage\":\"es\",\"potentialAction\":[{\"@type\":\"ReadAction\",\"target\":[\"https:\\\/\\\/colegio.comfatolima.com.co\\\/index.php\\\/preescolar\\\/\"]}]},{\"@type\":\"BreadcrumbList\",\"@id\":\"https:\\\/\\\/colegio.comfatolima.com.co\\\/index.php\\\/preescolar\\\/#breadcrumb\",\"itemListElement\":[{\"@type\":\"ListItem\",\"position\":1,\"name\":\"Portada\",\"item\":\"https:\\\/\\\/colegio.comfatolima.com.co\\\/\"},{\"@type\":\"ListItem\",\"position\":2,\"name\":\"Preescolar\"}]},{\"@type\":\"WebSite\",\"@id\":\"https:\\\/\\\/colegio.comfatolima.com.co\\\/#website\",\"url\":\"https:\\\/\\\/colegio.comfatolima.com.co\\\/\",\"name\":\"colegio comfatolima Ana Julia Su\u00e1rez de Zorroza\",\"description\":\"\",\"publisher\":{\"@id\":\"https:\\\/\\\/colegio.comfatolima.com.co\\\/#organization\"},\"potentialAction\":[{\"@type\":\"SearchAction\",\"target\":{\"@type\":\"EntryPoint\",\"urlTemplate\":\"https:\\\/\\\/colegio.comfatolima.com.co\\\/?s={search_term_string}\"},\"query-input\":{\"@type\":\"PropertyValueSpecification\",\"valueRequired\":true,\"valueName\":\"search_term_string\"}}],\"inLanguage\":\"es\"},{\"@type\":\"Organization\",\"@id\":\"https:\\\/\\\/colegio.comfatolima.com.co\\\/#organization\",\"name\":\"colegio comfatolima Ana Julia Su\u00e1rez de Zorroza\",\"url\":\"https:\\\/\\\/colegio.comfatolima.com.co\\\/\",\"logo\":{\"@type\":\"ImageObject\",\"inLanguage\":\"es\",\"@id\":\"https:\\\/\\\/colegio.comfatolima.com.co\\\/#\\\/schema\\\/logo\\\/image\\\/\",\"url\":\"https:\\\/\\\/colegio.comfatolima.com.co\\\/wp-content\\\/uploads\\\/2026\\\/04\\\/colegio-comfatolima.png\",\"contentUrl\":\"https:\\\/\\\/colegio.comfatolima.com.co\\\/wp-content\\\/uploads\\\/2026\\\/04\\\/colegio-comfatolima.png\",\"width\":203,\"height\":150,\"caption\":\"colegio comfatolima Ana Julia Su\u00e1rez de Zorroza\"},\"image\":{\"@id\":\"https:\\\/\\\/colegio.comfatolima.com.co\\\/#\\\/schema\\\/logo\\\/image\\\/\"}}]}<\/script>\n<!-- \/ Yoast SEO plugin. -->","yoast_head_json":{"title":"Preescolar - colegio comfatolima Ana Julia Su\u00e1rez de Zorroza","robots":{"index":"index","follow":"follow","max-snippet":"max-snippet:-1","max-image-preview":"max-image-preview:large","max-video-preview":"max-video-preview:-1"},"canonical":"https:\/\/colegio.comfatolima.com.co\/index.php\/preescolar\/","og_locale":"es_ES","og_type":"article","og_title":"Preescolar - colegio comfatolima Ana Julia Su\u00e1rez de Zorroza","og_description":"La educaci\u00f3n en pre-escolar se encuentra orientada al desarrollo de los ni\u00f1os y ni\u00f1as en los aspectos biol\u00f3gico, cognoscitivo, psicomotriz, socioafectivo y espiritual mediante experiencias de socializaci\u00f3n pedag\u00f3gica y recreativa, llevando as\u00ed a los ni\u00f1os a conocer y enamorarse del estudio de las primeras letras, conocer los colares de la naturaleza e identificar las formas [&hellip;]","og_url":"https:\/\/colegio.comfatolima.com.co\/index.php\/preescolar\/","og_site_name":"colegio comfatolima Ana Julia Su\u00e1rez de Zorroza","article_modified_time":"2026-04-08T18:57:48+00:00","twitter_card":"summary_large_image","twitter_misc":{"Tiempo de lectura":"1 minuto"},"schema":{"@context":"https:\/\/schema.org","@graph":[{"@type":"WebPage","@id":"https:\/\/colegio.comfatolima.com.co\/index.php\/preescolar\/","url":"https:\/\/colegio.comfatolima.com.co\/index.php\/preescolar\/","name":"Preescolar - colegio comfatolima Ana Julia Su\u00e1rez de Zorroza","isPartOf":{"@id":"https:\/\/colegio.comfatolima.com.co\/#website"},"datePublished":"2026-04-08T18:55:58+00:00","dateModified":"2026-04-08T18:57:48+00:00","breadcrumb":{"@id":"https:\/\/colegio.comfatolima.com.co\/index.php\/preescolar\/#breadcrumb"},"inLanguage":"es","potentialAction":[{"@type":"ReadAction","target":["https:\/\/colegio.comfatolima.com.co\/index.php\/preescolar\/"]}]},{"@type":"BreadcrumbList","@id":"https:\/\/colegio.comfatolima.com.co\/index.php\/preescolar\/#breadcrumb","itemListElement":[{"@type":"ListItem","position":1,"name":"Portada","item":"https:\/\/colegio.comfatolima.com.co\/"},{"@type":"ListItem","position":2,"name":"Preescolar"}]},{"@type":"WebSite","@id":"https:\/\/colegio.comfatolima.com.co\/#website","url":"https:\/\/colegio.comfatolima.com.co\/","name":"colegio comfatolima Ana Julia Su\u00e1rez de Zorroza","description":"","publisher":{"@id":"https:\/\/colegio.comfatolima.com.co\/#organization"},"potentialAction":[{"@type":"SearchAction","target":{"@type":"EntryPoint","urlTemplate":"https:\/\/colegio.comfatolima.com.co\/?s={search_term_string}"},"query-input":{"@type":"PropertyValueSpecification","valueRequired":true,"valueName":"search_term_string"}}],"inLanguage":"es"},{"@type":"Organization","@id":"https:\/\/colegio.comfatolima.com.co\/#organization","name":"colegio comfatolima Ana Julia Su\u00e1rez de Zorroza","url":"https:\/\/colegio.comfatolima.com.co\/","logo":{"@type":"ImageObject","inLanguage":"es","@id":"https:\/\/colegio.comfatolima.com.co\/#\/schema\/logo\/image\/","url":"https:\/\/colegio.comfatolima.com.co\/wp-content\/uploads\/2026\/04\/colegio-comfatolima.png","contentUrl":"https:\/\/colegio.comfatolima.com.co\/wp-content\/uploads\/2026\/04\/colegio-comfatolima.png","width":203,"height":150,"caption":"colegio comfatolima Ana Julia Su\u00e1rez de Zorroza"},"image":{"@id":"https:\/\/colegio.comfatolima.com.co\/#\/schema\/logo\/image\/"}}]}},"_links":{"self":[{"href":"https:\/\/colegio.comfatolima.com.co\/index.php\/wp-json\/wp\/v2\/pages\/127","targetHints":{"allow":["GET"]}}],"collection":[{"href":"https:\/\/colegio.comfatolima.com.co\/index.php\/wp-json\/wp\/v2\/pages"}],"about":[{"href":"https:\/\/colegio.comfatolima.com.co\/index.php\/wp-json\/wp\/v2\/types\/page"}],"author":[{"embeddable":true,"href":"https:\/\/colegio.comfatolima.com.co\/index.php\/wp-json\/wp\/v2\/users\/1"}],"replies":[{"embeddable":true,"href":"https:\/\/colegio.comfatolima.com.co\/index.php\/wp-json\/wp\/v2\/comments?post=127"}],"version-history":[{"count":1,"href":"https:\/\/colegio.comfatolima.com.co\/index.php\/wp-json\/wp\/v2\/pages\/127\/revisions"}],"predecessor-version":[{"id":131,"href":"https:\/\/colegio.comfatolima.com.co\/index.php\/wp-json\/wp\/v2\/pages\/127\/revisions\/131"}],"wp:attachment":[{"href":"https:\/\/colegio.comfatolima.com.co\/index.php\/wp-json\/wp\/v2\/media?parent=127"}],"curies":[{"name":"wp","href":"https:\/\/api.w.org\/{rel}","templated":true}]}}